{"id":3,"date":"2024-06-29T14:56:29","date_gmt":"2024-06-29T12:56:29","guid":{"rendered":"http:\/\/abpropre72.com\/?page_id=3"},"modified":"2025-10-05T09:45:41","modified_gmt":"2025-10-05T07:45:41","slug":"mention-legales","status":"publish","type":"page","link":"https:\/\/abpropre72.com\/index.php\/mention-legales\/","title":{"rendered":"Mention L\u00e9gales"},"content":{"rendered":"\t\t<div data-elementor-type=\"wp-page\" data-elementor-id=\"3\" class=\"elementor elementor-3\">\n\t\t\t\t<div class=\"elementor-element elementor-element-279e1cef e-flex e-con-boxed e-con e-parent\" data-id=\"279e1cef\" data-element_type=\"container\" data-settings=\"{&quot;background_background&quot;:&quot;classic&quot;}\">\n\t\t\t\t\t<div class=\"e-con-inner\">\n\t\t\t\t<div class=\"elementor-element elementor-element-c1ef140 elementor-widget-divider--view-line elementor-widget elementor-widget-divider\" data-id=\"c1ef140\" data-element_type=\"widget\" data-widget_type=\"divider.default\">\n\t\t\t\t<div class=\"elementor-widget-container\">\n\t\t\t<style>\/*! elementor - v3.22.0 - 26-06-2024 *\/\n.elementor-widget-divider{--divider-border-style:none;--divider-border-width:1px;--divider-color:#0c0d0e;--divider-icon-size:20px;--divider-element-spacing:10px;--divider-pattern-height:24px;--divider-pattern-size:20px;--divider-pattern-url:none;--divider-pattern-repeat:repeat-x}.elementor-widget-divider .elementor-divider{display:flex}.elementor-widget-divider .elementor-divider__text{font-size:15px;line-height:1;max-width:95%}.elementor-widget-divider .elementor-divider__element{margin:0 var(--divider-element-spacing);flex-shrink:0}.elementor-widget-divider .elementor-icon{font-size:var(--divider-icon-size)}.elementor-widget-divider .elementor-divider-separator{display:flex;margin:0;direction:ltr}.elementor-widget-divider--view-line_icon .elementor-divider-separator,.elementor-widget-divider--view-line_text .elementor-divider-separator{align-items:center}.elementor-widget-divider--view-line_icon .elementor-divider-separator:after,.elementor-widget-divider--view-line_icon .elementor-divider-separator:before,.elementor-widget-divider--view-line_text .elementor-divider-separator:after,.elementor-widget-divider--view-line_text .elementor-divider-separator:before{display:block;content:\"\";border-block-end:0;flex-grow:1;border-block-start:var(--divider-border-width) var(--divider-border-style) var(--divider-color)}.elementor-widget-divider--element-align-left .elementor-divider .elementor-divider-separator>.elementor-divider__svg:first-of-type{flex-grow:0;flex-shrink:100}.elementor-widget-divider--element-align-left .elementor-divider-separator:before{content:none}.elementor-widget-divider--element-align-left .elementor-divider__element{margin-left:0}.elementor-widget-divider--element-align-right .elementor-divider .elementor-divider-separator>.elementor-divider__svg:last-of-type{flex-grow:0;flex-shrink:100}.elementor-widget-divider--element-align-right .elementor-divider-separator:after{content:none}.elementor-widget-divider--element-align-right .elementor-divider__element{margin-right:0}.elementor-widget-divider--element-align-start .elementor-divider .elementor-divider-separator>.elementor-divider__svg:first-of-type{flex-grow:0;flex-shrink:100}.elementor-widget-divider--element-align-start .elementor-divider-separator:before{content:none}.elementor-widget-divider--element-align-start .elementor-divider__element{margin-inline-start:0}.elementor-widget-divider--element-align-end .elementor-divider .elementor-divider-separator>.elementor-divider__svg:last-of-type{flex-grow:0;flex-shrink:100}.elementor-widget-divider--element-align-end .elementor-divider-separator:after{content:none}.elementor-widget-divider--element-align-end .elementor-divider__element{margin-inline-end:0}.elementor-widget-divider:not(.elementor-widget-divider--view-line_text):not(.elementor-widget-divider--view-line_icon) .elementor-divider-separator{border-block-start:var(--divider-border-width) var(--divider-border-style) var(--divider-color)}.elementor-widget-divider--separator-type-pattern{--divider-border-style:none}.elementor-widget-divider--separator-type-pattern.elementor-widget-divider--view-line .elementor-divider-separator,.elementor-widget-divider--separator-type-pattern:not(.elementor-widget-divider--view-line) .elementor-divider-separator:after,.elementor-widget-divider--separator-type-pattern:not(.elementor-widget-divider--view-line) .elementor-divider-separator:before,.elementor-widget-divider--separator-type-pattern:not([class*=elementor-widget-divider--view]) .elementor-divider-separator{width:100%;min-height:var(--divider-pattern-height);-webkit-mask-size:var(--divider-pattern-size) 100%;mask-size:var(--divider-pattern-size) 100%;-webkit-mask-repeat:var(--divider-pattern-repeat);mask-repeat:var(--divider-pattern-repeat);background-color:var(--divider-color);-webkit-mask-image:var(--divider-pattern-url);mask-image:var(--divider-pattern-url)}.elementor-widget-divider--no-spacing{--divider-pattern-size:auto}.elementor-widget-divider--bg-round{--divider-pattern-repeat:round}.rtl .elementor-widget-divider .elementor-divider__text{direction:rtl}.e-con-inner>.elementor-widget-divider,.e-con>.elementor-widget-divider{width:var(--container-widget-width,100%);--flex-grow:var(--container-widget-flex-grow)}<\/style>\t\t<div class=\"elementor-divider\">\n\t\t\t<span class=\"elementor-divider-separator\">\n\t\t\t\t\t\t<\/span>\n\t\t<\/div>\n\t\t\t\t<\/div>\n\t\t\t\t<\/div>\n\t\t\t\t<div class=\"elementor-element elementor-element-30c1c2bd elementor-widget elementor-widget-text-editor\" data-id=\"30c1c2bd\" data-element_type=\"widget\" data-widget_type=\"text-editor.default\">\n\t\t\t\t<div class=\"elementor-widget-container\">\n\t\t\t<style>\/*! elementor - v3.22.0 - 26-06-2024 *\/\n.elementor-widget-text-editor.elementor-drop-cap-view-stacked .elementor-drop-cap{background-color:#69727d;color:#fff}.elementor-widget-text-editor.elementor-drop-cap-view-framed .elementor-drop-cap{color:#69727d;border:3px solid;background-color:transparent}.elementor-widget-text-editor:not(.elementor-drop-cap-view-default) .elementor-drop-cap{margin-top:8px}.elementor-widget-text-editor:not(.elementor-drop-cap-view-default) .elementor-drop-cap-letter{width:1em;height:1em}.elementor-widget-text-editor .elementor-drop-cap{float:left;text-align:center;line-height:1;font-size:50px}.elementor-widget-text-editor .elementor-drop-cap-letter{display:inline-block}<\/style>\t\t\t\t<h1><strong>Mention l\u00e9gales:<\/strong><\/h1><h4>\u00a0<\/h4><h2>1.Pr\u00e9sentation du site<\/h2><p>Conform\u00e9ment aux dispositions des articles 6-III et 19 de la Loi n\u00b0 2004-575 du 21 juin 2004 pour la Confiance dans l\u2019\u00e9conomie num\u00e9rique, dite L.C.E.N., nous portons \u00e0 la connaissance des utilisateurs et visiteurs du site les informations suivantes :<\/p><p>Nom de l&rsquo;entreprise : AB Propre<br \/>Forme juridique : EI<br \/>Adresse du si\u00e8ge social : 3 Routes D&rsquo;asni\u00e8res 72300 Juign\u00e9 sur Sarthe<br \/>T\u00e9l\u00e9phone : 06.31.27.74.13<br \/>Email :abpropre@la poste.net<br \/>Num\u00e9ro SIRET :751 869 926 00020<\/p><h2><strong>2. Directeur de la publication<\/strong><\/h2><p>Le directeur de la publication est l&rsquo;entreprise \u00ab\u00a0UN GRAIN DE FOLIE\u00a0\u00bb<br \/>Agence digitale &#8211; Marketing &#8211; communication<br \/><a href=\"https:\/\/ungraindefolie.fr\/\">https:\/\/ungraindefolie.fr<\/a><\/p><h2><strong>3. H\u00e9bergeur<\/strong><\/h2><p>L&rsquo;h\u00e9bergeur du site est :<br \/>Nom de l&rsquo;h\u00e9bergeur : OVH<br \/>2 rue Kellermann \u2013 59100 Roubaix \u2013 France<br \/>SAS au capital de 10 069 020 \u20ac<br \/>RCS Lille M\u00e9tropole 424 761 419 00045<br \/>Code APE 2620Z<br \/>N\u00b0 TVA : FR 22 424 761 419<\/p><p>L\u2019\u00c9diteur, responsable du Site, se r\u00e9serve le droit de modifier unilat\u00e9ralement et \u00e0 tout moment le contenu des pr\u00e9sentes mentions l\u00e9gales.<\/p><h2><strong>4. Propri\u00e9t\u00e9 intellectuelle<\/strong><\/h2><p>Les marques et les logotypes figurant sur le site constituent des signes d\u00e9pos\u00e9s par l\u2019\u00c9diteur ou par des tiers\/partenaires et prot\u00e9g\u00e9s au titre du droit des marques. Toute reproduction, imitation ou usage, total ou partiel, de ces signes distinctifs sans l\u2019autorisation expresse de l\u2019\u00c9diteur et en violation des interdictions pr\u00e9vues aux articles L.713-2 et suivants du Code la propri\u00e9t\u00e9 intellectuelle engage la responsabilit\u00e9 de leur auteur au titre d\u2019actes de contrefa\u00e7on.<\/p><p>Les autres signes distinctifs, notamment les d\u00e9nominations sociales, noms commerciaux, enseignes, noms de domaine reproduits sur le site sont la propri\u00e9t\u00e9 de l\u2019\u00c9diteur ou de tiers\/partenaires, et toute reproduction sans autorisation expresse de l\u2019\u00c9diteur est susceptible d\u2019engager la responsabilit\u00e9 civile de son auteur sur le fondement de l\u2019article 1240 du Code civil.<\/p><p>Il en est de m\u00eame des \u00e9ventuelles bases de donn\u00e9es figurant sur le site Internet qui sont prot\u00e9g\u00e9es par les dispositions de la loi du 11 juillet 1998 portant transposition dans le Code de la propri\u00e9t\u00e9 intellectuelle (CPI) de la directive europ\u00e9enne du 11 mars 1996 relative \u00e0 la protection juridique des bases de donn\u00e9es.<\/p><p>Les liens hypertextes mis en place dans le cadre du site Internet en direction d\u2019autres ressources pr\u00e9sentes sur le r\u00e9seau de l\u2019Internet, et notamment vers ses partenaires ont fait l\u2019objet d\u2019une autorisation pr\u00e9alable expresse. Toute information accessible via un lien hypertexte n\u2019est pas publi\u00e9e par l\u2019\u00c9diteur du pr\u00e9sent site, celui-ci ne disposant d\u2019aucun droit portant sur les contenus mis en ligne \u00e0 travers lesdits liens.<\/p><p>Aucun lien hypertexte menant au Site ne peut \u00eatre activ\u00e9 sans l\u2019autorisation expresse et pr\u00e9alable de l\u2019\u00c9diteur.<\/p><h2><strong>5. Donn\u00e9es personnelles<\/strong><\/h2><div class=\"otds-text\"><h3 class=\"odss-text__heading mb-3\">\u00a0<\/h3><\/div><div class=\"otds-text\"><div>D&rsquo;une fa\u00e7on g\u00e9n\u00e9rale, vous pouvez visiter notre site sur Internet sans avoir \u00e0 d\u00e9cliner votre identit\u00e9 et \u00e0 fournir des informations personnelles vous concernant.<\/div><\/div><p>Conform\u00e9ment \u00e0 la loi Informatique et Libert\u00e9s du 6 janvier 1978 modifi\u00e9e et au R\u00e8glement g\u00e9n\u00e9ral sur la protection des donn\u00e9es (RGPD), vous disposez d\u2019un droit d\u2019acc\u00e8s, de rectification, de suppression, d\u2019opposition et de portabilit\u00e9 des donn\u00e9es vous concernant. Vous pouvez exercer ces droits en nous contactant \u00e0 l&rsquo;adresse suivante :<\/p><p>abpropre@laposte.net<\/p><p>Pour plus d&rsquo;informations, veuillez consulter notre Politique de Confidentialit\u00e9.\u00a0\u00a0(lien)<\/p><h2><strong>6. Cookies<\/strong><\/h2><p>Le site <strong>AB Propre 72<\/strong> utilise des cookies pour am\u00e9liorer votre exp\u00e9rience de navigation. En continuant \u00e0 naviguer sur ce site, vous acceptez notre utilisation des cookies. Pour en savoir plus, consultez notre Politique de Cookies .<\/p><h2><strong>7. Limitation de responsabilit\u00e9<\/strong><\/h2><p><strong>AB Propre 72<\/strong> ne saurait \u00eatre tenu pour responsable des erreurs rencontr\u00e9es sur le site, des probl\u00e8mes techniques, de l\u2019interpr\u00e9tation des informations publi\u00e9es et des cons\u00e9quences de leur utilisation. L&rsquo;utilisateur reconna\u00eet utiliser ces informations sous sa responsabilit\u00e9 exclusive.<\/p><p>Le mat\u00e9riel de connexion et de navigation utilis\u00e9e rel\u00e8ve de la seule responsabilit\u00e9 de son utilisateur, lequel doit prendre toutes les mesures appropri\u00e9es pour prot\u00e9ger son mat\u00e9riel, s\u2019agissant notamment d\u2019attaques virales.<\/p><p>L\u2019\u00c9diteur d\u00e9cline toute responsabilit\u00e9 r\u00e9sultant d\u2019une intrusion frauduleuse d\u2019un tiers ayant entrain\u00e9 une modification des informations pr\u00e9sent\u00e9es sur le Site.<\/p>\t\t\t\t\t\t<\/div>\n\t\t\t\t<\/div>\n\t\t\t\t<div class=\"elementor-element elementor-element-c91036a elementor-widget-divider--view-line elementor-widget elementor-widget-divider\" data-id=\"c91036a\" data-element_type=\"widget\" data-widget_type=\"divider.default\">\n\t\t\t\t<div class=\"elementor-widget-container\">\n\t\t\t\t\t<div class=\"elementor-divider\">\n\t\t\t<span class=\"elementor-divider-separator\">\n\t\t\t\t\t\t<\/span>\n\t\t<\/div>\n\t\t\t\t<\/div>\n\t\t\t\t<\/div>\n\t\t\t\t\t<\/div>\n\t\t\t\t<\/div>\n\t\t<div class=\"elementor-element elementor-element-a7fb760 e-flex e-con-boxed e-con e-parent\" data-id=\"a7fb760\" data-element_type=\"container\">\n\t\t\t\t\t<div class=\"e-con-inner\">\n\t\t\t\t\t<\/div>\n\t\t\t\t<\/div>\n\t\t\t\t<\/div>\n\t\t","protected":false},"excerpt":{"rendered":"<p>Mention l\u00e9gales: \u00a0 1.Pr\u00e9sentation du site Conform\u00e9ment aux dispositions des articles 6-III et 19 de la Loi n\u00b0 2004-575 du 21 juin 2004 pour la Confiance dans l\u2019\u00e9conomie num\u00e9rique, dite L.C.E.N., nous portons \u00e0 la connaissance des utilisateurs et visiteurs du site les informations suivantes : Nom de l&rsquo;entreprise : AB PropreForme juridique : EIAdresse [&hellip;]<\/p>\n","protected":false},"author":1,"featured_media":0,"parent":0,"menu_order":0,"comment_status":"closed","ping_status":"open","template":"","meta":{"ocean_post_layout":"","ocean_both_sidebars_style":"","ocean_both_sidebars_content_width":0,"ocean_both_sidebars_sidebars_width":0,"ocean_sidebar":"","ocean_second_sidebar":"","ocean_disable_margins":"enable","ocean_add_body_class":"","ocean_shortcode_before_top_bar":"","ocean_shortcode_after_top_bar":"","ocean_shortcode_before_header":"","ocean_shortcode_after_header":"","ocean_has_shortcode":"","ocean_shortcode_after_title":"","ocean_shortcode_before_footer_widgets":"","ocean_shortcode_after_footer_widgets":"","ocean_shortcode_before_footer_bottom":"","ocean_shortcode_after_footer_bottom":"","ocean_display_top_bar":"default","ocean_display_header":"default","ocean_header_style":"","ocean_center_header_left_menu":"","ocean_custom_header_template":"","ocean_custom_logo":0,"ocean_custom_retina_logo":0,"ocean_custom_logo_max_width":0,"ocean_custom_logo_tablet_max_width":0,"ocean_custom_logo_mobile_max_width":0,"ocean_custom_logo_max_height":0,"ocean_custom_logo_tablet_max_height":0,"ocean_custom_logo_mobile_max_height":0,"ocean_header_custom_menu":"","ocean_menu_typo_font_family":"","ocean_menu_typo_font_subset":"","ocean_menu_typo_font_size":0,"ocean_menu_typo_font_size_tablet":0,"ocean_menu_typo_font_size_mobile":0,"ocean_menu_typo_font_size_unit":"px","ocean_menu_typo_font_weight":"","ocean_menu_typo_font_weight_tablet":"","ocean_menu_typo_font_weight_mobile":"","ocean_menu_typo_transform":"","ocean_menu_typo_transform_tablet":"","ocean_menu_typo_transform_mobile":"","ocean_menu_typo_line_height":0,"ocean_menu_typo_line_height_tablet":0,"ocean_menu_typo_line_height_mobile":0,"ocean_menu_typo_line_height_unit":"","ocean_menu_typo_spacing":0,"ocean_menu_typo_spacing_tablet":0,"ocean_menu_typo_spacing_mobile":0,"ocean_menu_typo_spacing_unit":"","ocean_menu_link_color":"","ocean_menu_link_color_hover":"","ocean_menu_link_color_active":"","ocean_menu_link_background":"","ocean_menu_link_hover_background":"","ocean_menu_link_active_background":"","ocean_menu_social_links_bg":"","ocean_menu_social_hover_links_bg":"","ocean_menu_social_links_color":"","ocean_menu_social_hover_links_color":"","ocean_disable_title":"default","ocean_disable_heading":"default","ocean_post_title":"","ocean_post_subheading":"","ocean_post_title_style":"","ocean_post_title_background_color":"","ocean_post_title_background":0,"ocean_post_title_bg_image_position":"","ocean_post_title_bg_image_attachment":"","ocean_post_title_bg_image_repeat":"","ocean_post_title_bg_image_size":"","ocean_post_title_height":0,"ocean_post_title_bg_overlay":0.5,"ocean_post_title_bg_overlay_color":"","ocean_disable_breadcrumbs":"default","ocean_breadcrumbs_color":"","ocean_breadcrumbs_separator_color":"","ocean_breadcrumbs_links_color":"","ocean_breadcrumbs_links_hover_color":"","ocean_display_footer_widgets":"default","ocean_display_footer_bottom":"default","ocean_custom_footer_template":"","footnotes":""},"class_list":["post-3","page","type-page","status-publish","hentry","entry"],"yoast_head":"<!-- This site is optimized with the Yoast SEO plugin v22.9 - https:\/\/yoast.com\/wordpress\/plugins\/seo\/ -->\n<title>Mention L\u00e9gales - abpropre72<\/title>\n<meta name=\"description\" content=\"Mention L\u00e9gales AB Propre 72. Nettoyage de v\u00e9hicule int\u00e9rieur et ext\u00e9rieur \u00e0 domicile. Sp\u00e9cialiste voiture ancienne et de luxe\" \/>\n<meta name=\"robots\" content=\"index, follow, max-snippet:-1, max-image-preview:large, max-video-preview:-1\" \/>\n<link rel=\"canonical\" href=\"https:\/\/abpropre72.com\/index.php\/mention-legales\/\" \/>\n<meta property=\"og:locale\" content=\"fr_FR\" \/>\n<meta property=\"og:type\" content=\"article\" \/>\n<meta property=\"og:title\" content=\"Mention L\u00e9gales - abpropre72\" \/>\n<meta property=\"og:description\" content=\"Mention L\u00e9gales AB Propre 72. Nettoyage de v\u00e9hicule int\u00e9rieur et ext\u00e9rieur \u00e0 domicile. Sp\u00e9cialiste voiture ancienne et de luxe\" \/>\n<meta property=\"og:url\" content=\"https:\/\/abpropre72.com\/index.php\/mention-legales\/\" \/>\n<meta property=\"og:site_name\" content=\"abpropre72\" \/>\n<meta property=\"article:modified_time\" content=\"2025-10-05T07:45:41+00:00\" \/>\n<meta name=\"twitter:card\" content=\"summary_large_image\" \/>\n<meta name=\"twitter:label1\" content=\"Dur\u00e9e de lecture estim\u00e9e\" \/>\n\t<meta name=\"twitter:data1\" content=\"4 minutes\" \/>\n<script type=\"application\/ld+json\" class=\"yoast-schema-graph\">{\"@context\":\"https:\/\/schema.org\",\"@graph\":[{\"@type\":\"WebPage\",\"@id\":\"https:\/\/abpropre72.com\/index.php\/mention-legales\/\",\"url\":\"https:\/\/abpropre72.com\/index.php\/mention-legales\/\",\"name\":\"Mention L\u00e9gales - abpropre72\",\"isPartOf\":{\"@id\":\"https:\/\/abpropre72.com\/#website\"},\"datePublished\":\"2024-06-29T12:56:29+00:00\",\"dateModified\":\"2025-10-05T07:45:41+00:00\",\"description\":\"Mention L\u00e9gales AB Propre 72. Nettoyage de v\u00e9hicule int\u00e9rieur et ext\u00e9rieur \u00e0 domicile. Sp\u00e9cialiste voiture ancienne et de luxe\",\"breadcrumb\":{\"@id\":\"https:\/\/abpropre72.com\/index.php\/mention-legales\/#breadcrumb\"},\"inLanguage\":\"fr-FR\",\"potentialAction\":[{\"@type\":\"ReadAction\",\"target\":[\"https:\/\/abpropre72.com\/index.php\/mention-legales\/\"]}]},{\"@type\":\"BreadcrumbList\",\"@id\":\"https:\/\/abpropre72.com\/index.php\/mention-legales\/#breadcrumb\",\"itemListElement\":[{\"@type\":\"ListItem\",\"position\":1,\"name\":\"Accueil\",\"item\":\"https:\/\/abpropre72.com\/\"},{\"@type\":\"ListItem\",\"position\":2,\"name\":\"Mention L\u00e9gales\"}]},{\"@type\":\"WebSite\",\"@id\":\"https:\/\/abpropre72.com\/#website\",\"url\":\"https:\/\/abpropre72.com\/\",\"name\":\"abpropre72\",\"description\":\"Le raffinement au service de votre voiture\",\"publisher\":{\"@id\":\"https:\/\/abpropre72.com\/#organization\"},\"potentialAction\":[{\"@type\":\"SearchAction\",\"target\":{\"@type\":\"EntryPoint\",\"urlTemplate\":\"https:\/\/abpropre72.com\/?s={search_term_string}\"},\"query-input\":\"required name=search_term_string\"}],\"inLanguage\":\"fr-FR\"},{\"@type\":\"Organization\",\"@id\":\"https:\/\/abpropre72.com\/#organization\",\"name\":\"abpropre72\",\"url\":\"https:\/\/abpropre72.com\/\",\"logo\":{\"@type\":\"ImageObject\",\"inLanguage\":\"fr-FR\",\"@id\":\"https:\/\/abpropre72.com\/#\/schema\/logo\/image\/\",\"url\":\"https:\/\/abpropre72.com\/wp-content\/uploads\/2024\/07\/cropped-blanc-jauna-sans-fond1080.png\",\"contentUrl\":\"https:\/\/abpropre72.com\/wp-content\/uploads\/2024\/07\/cropped-blanc-jauna-sans-fond1080.png\",\"width\":1081,\"height\":334,\"caption\":\"abpropre72\"},\"image\":{\"@id\":\"https:\/\/abpropre72.com\/#\/schema\/logo\/image\/\"}}]}<\/script>\n<!-- \/ Yoast SEO plugin. -->","yoast_head_json":{"title":"Mention L\u00e9gales - abpropre72","description":"Mention L\u00e9gales AB Propre 72. Nettoyage de v\u00e9hicule int\u00e9rieur et ext\u00e9rieur \u00e0 domicile. Sp\u00e9cialiste voiture ancienne et de luxe","robots":{"index":"index","follow":"follow","max-snippet":"max-snippet:-1","max-image-preview":"max-image-preview:large","max-video-preview":"max-video-preview:-1"},"canonical":"https:\/\/abpropre72.com\/index.php\/mention-legales\/","og_locale":"fr_FR","og_type":"article","og_title":"Mention L\u00e9gales - abpropre72","og_description":"Mention L\u00e9gales AB Propre 72. Nettoyage de v\u00e9hicule int\u00e9rieur et ext\u00e9rieur \u00e0 domicile. Sp\u00e9cialiste voiture ancienne et de luxe","og_url":"https:\/\/abpropre72.com\/index.php\/mention-legales\/","og_site_name":"abpropre72","article_modified_time":"2025-10-05T07:45:41+00:00","twitter_card":"summary_large_image","twitter_misc":{"Dur\u00e9e de lecture estim\u00e9e":"4 minutes"},"schema":{"@context":"https:\/\/schema.org","@graph":[{"@type":"WebPage","@id":"https:\/\/abpropre72.com\/index.php\/mention-legales\/","url":"https:\/\/abpropre72.com\/index.php\/mention-legales\/","name":"Mention L\u00e9gales - abpropre72","isPartOf":{"@id":"https:\/\/abpropre72.com\/#website"},"datePublished":"2024-06-29T12:56:29+00:00","dateModified":"2025-10-05T07:45:41+00:00","description":"Mention L\u00e9gales AB Propre 72. Nettoyage de v\u00e9hicule int\u00e9rieur et ext\u00e9rieur \u00e0 domicile. Sp\u00e9cialiste voiture ancienne et de luxe","breadcrumb":{"@id":"https:\/\/abpropre72.com\/index.php\/mention-legales\/#breadcrumb"},"inLanguage":"fr-FR","potentialAction":[{"@type":"ReadAction","target":["https:\/\/abpropre72.com\/index.php\/mention-legales\/"]}]},{"@type":"BreadcrumbList","@id":"https:\/\/abpropre72.com\/index.php\/mention-legales\/#breadcrumb","itemListElement":[{"@type":"ListItem","position":1,"name":"Accueil","item":"https:\/\/abpropre72.com\/"},{"@type":"ListItem","position":2,"name":"Mention L\u00e9gales"}]},{"@type":"WebSite","@id":"https:\/\/abpropre72.com\/#website","url":"https:\/\/abpropre72.com\/","name":"abpropre72","description":"Le raffinement au service de votre voiture","publisher":{"@id":"https:\/\/abpropre72.com\/#organization"},"potentialAction":[{"@type":"SearchAction","target":{"@type":"EntryPoint","urlTemplate":"https:\/\/abpropre72.com\/?s={search_term_string}"},"query-input":"required name=search_term_string"}],"inLanguage":"fr-FR"},{"@type":"Organization","@id":"https:\/\/abpropre72.com\/#organization","name":"abpropre72","url":"https:\/\/abpropre72.com\/","logo":{"@type":"ImageObject","inLanguage":"fr-FR","@id":"https:\/\/abpropre72.com\/#\/schema\/logo\/image\/","url":"https:\/\/abpropre72.com\/wp-content\/uploads\/2024\/07\/cropped-blanc-jauna-sans-fond1080.png","contentUrl":"https:\/\/abpropre72.com\/wp-content\/uploads\/2024\/07\/cropped-blanc-jauna-sans-fond1080.png","width":1081,"height":334,"caption":"abpropre72"},"image":{"@id":"https:\/\/abpropre72.com\/#\/schema\/logo\/image\/"}}]}},"_links":{"self":[{"href":"https:\/\/abpropre72.com\/index.php\/wp-json\/wp\/v2\/pages\/3","targetHints":{"allow":["GET"]}}],"collection":[{"href":"https:\/\/abpropre72.com\/index.php\/wp-json\/wp\/v2\/pages"}],"about":[{"href":"https:\/\/abpropre72.com\/index.php\/wp-json\/wp\/v2\/types\/page"}],"author":[{"embeddable":true,"href":"https:\/\/abpropre72.com\/index.php\/wp-json\/wp\/v2\/users\/1"}],"replies":[{"embeddable":true,"href":"https:\/\/abpropre72.com\/index.php\/wp-json\/wp\/v2\/comments?post=3"}],"version-history":[{"count":20,"href":"https:\/\/abpropre72.com\/index.php\/wp-json\/wp\/v2\/pages\/3\/revisions"}],"predecessor-version":[{"id":1107,"href":"https:\/\/abpropre72.com\/index.php\/wp-json\/wp\/v2\/pages\/3\/revisions\/1107"}],"wp:attachment":[{"href":"https:\/\/abpropre72.com\/index.php\/wp-json\/wp\/v2\/media?parent=3"}],"curies":[{"name":"wp","href":"https:\/\/api.w.org\/{rel}","templated":true}]}}