{"id":1034,"date":"2024-08-04T19:27:34","date_gmt":"2024-08-04T17:27:34","guid":{"rendered":"http:\/\/abpropre72.com\/?page_id=1034"},"modified":"2024-08-04T19:34:51","modified_gmt":"2024-08-04T17:34:51","slug":"politique-de-confidentialite","status":"publish","type":"page","link":"https:\/\/abpropre72.com\/index.php\/politique-de-confidentialite\/","title":{"rendered":"Politique de Confidentialit\u00e9"},"content":{"rendered":"\t\t<div data-elementor-type=\"wp-page\" data-elementor-id=\"1034\" class=\"elementor elementor-1034\">\n\t\t\t\t<div class=\"elementor-element elementor-element-6884830 e-flex e-con-boxed e-con e-parent\" data-id=\"6884830\" data-element_type=\"container\" data-settings=\"{&quot;background_background&quot;:&quot;classic&quot;}\">\n\t\t\t\t\t<div class=\"e-con-inner\">\n\t\t\t\t<div class=\"elementor-element elementor-element-eed78e8 elementor-widget-divider--view-line elementor-widget elementor-widget-divider\" data-id=\"eed78e8\" data-element_type=\"widget\" data-widget_type=\"divider.default\">\n\t\t\t\t<div class=\"elementor-widget-container\">\n\t\t\t<style>\/*! elementor - v3.22.0 - 26-06-2024 *\/\n.elementor-widget-divider{--divider-border-style:none;--divider-border-width:1px;--divider-color:#0c0d0e;--divider-icon-size:20px;--divider-element-spacing:10px;--divider-pattern-height:24px;--divider-pattern-size:20px;--divider-pattern-url:none;--divider-pattern-repeat:repeat-x}.elementor-widget-divider .elementor-divider{display:flex}.elementor-widget-divider .elementor-divider__text{font-size:15px;line-height:1;max-width:95%}.elementor-widget-divider .elementor-divider__element{margin:0 var(--divider-element-spacing);flex-shrink:0}.elementor-widget-divider .elementor-icon{font-size:var(--divider-icon-size)}.elementor-widget-divider .elementor-divider-separator{display:flex;margin:0;direction:ltr}.elementor-widget-divider--view-line_icon .elementor-divider-separator,.elementor-widget-divider--view-line_text .elementor-divider-separator{align-items:center}.elementor-widget-divider--view-line_icon .elementor-divider-separator:after,.elementor-widget-divider--view-line_icon .elementor-divider-separator:before,.elementor-widget-divider--view-line_text .elementor-divider-separator:after,.elementor-widget-divider--view-line_text .elementor-divider-separator:before{display:block;content:\"\";border-block-end:0;flex-grow:1;border-block-start:var(--divider-border-width) var(--divider-border-style) var(--divider-color)}.elementor-widget-divider--element-align-left .elementor-divider .elementor-divider-separator>.elementor-divider__svg:first-of-type{flex-grow:0;flex-shrink:100}.elementor-widget-divider--element-align-left .elementor-divider-separator:before{content:none}.elementor-widget-divider--element-align-left .elementor-divider__element{margin-left:0}.elementor-widget-divider--element-align-right .elementor-divider .elementor-divider-separator>.elementor-divider__svg:last-of-type{flex-grow:0;flex-shrink:100}.elementor-widget-divider--element-align-right .elementor-divider-separator:after{content:none}.elementor-widget-divider--element-align-right .elementor-divider__element{margin-right:0}.elementor-widget-divider--element-align-start .elementor-divider .elementor-divider-separator>.elementor-divider__svg:first-of-type{flex-grow:0;flex-shrink:100}.elementor-widget-divider--element-align-start .elementor-divider-separator:before{content:none}.elementor-widget-divider--element-align-start .elementor-divider__element{margin-inline-start:0}.elementor-widget-divider--element-align-end .elementor-divider .elementor-divider-separator>.elementor-divider__svg:last-of-type{flex-grow:0;flex-shrink:100}.elementor-widget-divider--element-align-end .elementor-divider-separator:after{content:none}.elementor-widget-divider--element-align-end .elementor-divider__element{margin-inline-end:0}.elementor-widget-divider:not(.elementor-widget-divider--view-line_text):not(.elementor-widget-divider--view-line_icon) .elementor-divider-separator{border-block-start:var(--divider-border-width) var(--divider-border-style) var(--divider-color)}.elementor-widget-divider--separator-type-pattern{--divider-border-style:none}.elementor-widget-divider--separator-type-pattern.elementor-widget-divider--view-line .elementor-divider-separator,.elementor-widget-divider--separator-type-pattern:not(.elementor-widget-divider--view-line) .elementor-divider-separator:after,.elementor-widget-divider--separator-type-pattern:not(.elementor-widget-divider--view-line) .elementor-divider-separator:before,.elementor-widget-divider--separator-type-pattern:not([class*=elementor-widget-divider--view]) .elementor-divider-separator{width:100%;min-height:var(--divider-pattern-height);-webkit-mask-size:var(--divider-pattern-size) 100%;mask-size:var(--divider-pattern-size) 100%;-webkit-mask-repeat:var(--divider-pattern-repeat);mask-repeat:var(--divider-pattern-repeat);background-color:var(--divider-color);-webkit-mask-image:var(--divider-pattern-url);mask-image:var(--divider-pattern-url)}.elementor-widget-divider--no-spacing{--divider-pattern-size:auto}.elementor-widget-divider--bg-round{--divider-pattern-repeat:round}.rtl .elementor-widget-divider .elementor-divider__text{direction:rtl}.e-con-inner>.elementor-widget-divider,.e-con>.elementor-widget-divider{width:var(--container-widget-width,100%);--flex-grow:var(--container-widget-flex-grow)}<\/style>\t\t<div class=\"elementor-divider\">\n\t\t\t<span class=\"elementor-divider-separator\">\n\t\t\t\t\t\t<\/span>\n\t\t<\/div>\n\t\t\t\t<\/div>\n\t\t\t\t<\/div>\n\t\t\t\t\t<\/div>\n\t\t\t\t<\/div>\n\t\t<div class=\"elementor-element elementor-element-d90fbb5 e-flex e-con-boxed e-con e-parent\" data-id=\"d90fbb5\" data-element_type=\"container\" data-settings=\"{&quot;background_background&quot;:&quot;classic&quot;}\">\n\t\t\t\t\t<div class=\"e-con-inner\">\n\t\t\t\t<div class=\"elementor-element elementor-element-7d66d3c elementor-widget elementor-widget-text-editor\" data-id=\"7d66d3c\" data-element_type=\"widget\" data-widget_type=\"text-editor.default\">\n\t\t\t\t<div class=\"elementor-widget-container\">\n\t\t\t<style>\/*! elementor - v3.22.0 - 26-06-2024 *\/\n.elementor-widget-text-editor.elementor-drop-cap-view-stacked .elementor-drop-cap{background-color:#69727d;color:#fff}.elementor-widget-text-editor.elementor-drop-cap-view-framed .elementor-drop-cap{color:#69727d;border:3px solid;background-color:transparent}.elementor-widget-text-editor:not(.elementor-drop-cap-view-default) .elementor-drop-cap{margin-top:8px}.elementor-widget-text-editor:not(.elementor-drop-cap-view-default) .elementor-drop-cap-letter{width:1em;height:1em}.elementor-widget-text-editor .elementor-drop-cap{float:left;text-align:center;line-height:1;font-size:50px}.elementor-widget-text-editor .elementor-drop-cap-letter{display:inline-block}<\/style>\t\t\t\t<h1><strong>Politique de confidentialit\u00e9<\/strong><\/h1><p>La pr\u00e9sente politique de confidentialit\u00e9 est fond\u00e9e sur le R\u00e8glement UE 2016\/679 relatif \u00e0 la protection des donn\u00e9es (RGPD) ainsi que sur votre consentement \u00e9clair\u00e9. Elle a pour objectif de vous informer sur le traitement de vos donn\u00e9es \u00e0 caract\u00e8re personnel.<\/p><p>Cette politique de confidentialit\u00e9 ne s\u2019applique qu\u2019aux renseignements recueillis par le pr\u00e9sent site, bien que ce dernier puisse contenir des liens vers d\u2019autres sites externes. Nous ne pouvons vous garantir que ces sites appliquent la m\u00eame politique que nous en mati\u00e8re de respect de la vie priv\u00e9e, c\u2019est pourquoi nous vous recommandons de prendre connaissance des politiques de confidentialit\u00e9 des sites web que vous seriez amen\u00e9(e) \u00e0 visiter \u00e0 partir de celui-ci avant de remettre vos donn\u00e9es personnelles.<\/p><p>Nous nous r\u00e9servons la possibilit\u00e9 de modifier \u00e0 tout moment cette politique de confidentialit\u00e9, ces modifications entrant en vigueur imm\u00e9diatement. Or, \u00e0 chaque nouvelle utilisation du pr\u00e9sent site, vous vous soumettez \u00e0 la politique de confidentialit\u00e9 en vigueur.<\/p><p>Aussi, nous vous invitons \u00e0 relire r\u00e9guli\u00e8rement cette page afin de maintenir votre consentement.<\/p><h2>Quels renseignements sont collect\u00e9s sur ce Site ?<\/h2><p>Lorsque vous visitez un site internet, vous demeurez anonyme. Les informations collect\u00e9es au cours de votre navigations servent \u00e0 analyser votre comportement sur ce site et l\u2019usage que vous en avez afin d\u2019am\u00e9liorer votre exp\u00e9rience utilisateur.<\/p><p>Les autres donn\u00e9es personnelles que nous collectons, tels que vos nom, pr\u00e9nom, adresse postale, num\u00e9ro de t\u00e9l\u00e9phone ou adresse mail, ne sont collect\u00e9es que si vous acceptez de nous les fournir, par exemple lorsque vous adh\u00e9rez \u00e0 notre newsletter, dans le cadre de la gestion de votre demande de devis \/ d\u2019information ou si vous souhaitez \u00eatre recontact\u00e9(e).<\/p><p>Nous nous engageons par ailleurs \u00e0 ne recueillir que les informations strictement n\u00e9cessaires au traitement de votre demande.<\/p><p>En effectuant toute d\u00e9marche pour nous contacter, vous garantissez l\u2019exactitude des donn\u00e9es \u00e0 caract\u00e8re personnel que vous communiquez.<\/p><h2>Pourquoi collectons-nous vos donn\u00e9es personnelles ?<\/h2><p>Nous collectons vos donn\u00e9es personnelles afin de : G\u00e9rer et assurer la relation client (demande de renseignements, devis, traitement des demandes, communication des offres commerciales ou de newsletters, am\u00e9lioration de la navigation sur notre site, optimisation du d\u00e9veloppement du Site, personnalisation des services, authentification des donn\u00e9es transmises, pr\u00e9vention des incidents de s\u00e9curit\u00e9 ou des fraudes, etc.).<\/p><p>La collecte de ces donn\u00e9es \u00e0 caract\u00e8re personnel est fond\u00e9e \u00e0 la fois sur nos obligations l\u00e9gales et votre consentement.<\/p><h2>Divulgation \u00e0 des tiers<\/h2><p>Nous ne vendons, n\u2019\u00e9changeons et ne transf\u00e9rons pas vos informations personnelles identifiables \u00e0 des tiers. Cela ne comprend pas les tierce parties de confiance qui nous aident \u00e0 exploiter notre site Web ou \u00e0 mener nos affaires, tant que ces parties conviennent de garder ces informations confidentielles.<\/p><p>Nous pensons qu\u2019il est n\u00e9cessaire de partager des informations afin d\u2019enqu\u00eater, de pr\u00e9venir ou de prendre des mesures concernant des activit\u00e9s ill\u00e9gales, fraudes pr\u00e9sum\u00e9es, situations impliquant des menaces potentielles \u00e0 la s\u00e9curit\u00e9 physique de toute personne, violations de nos conditions d\u2019utilisation, ou quand la loi nous y contraint.<\/p><h2>Quelle est la dur\u00e9e de conservation\u00a0?<\/h2><p>Les donn\u00e9es \u00e0 caract\u00e8re personnel collect\u00e9es et trait\u00e9es par le site sont conserv\u00e9es pour la dur\u00e9e n\u00e9cessaire \u00e0 leur finalit\u00e9, et dans la limite des d\u00e9lais l\u00e9gaux pour satisfaire toute obligation l\u00e9gale ou r\u00e9glementaire ou engager\/r\u00e9pondre \u00e0 tout litige.<\/p><h2>Comment vos donn\u00e9es sont-elles prot\u00e9g\u00e9es\u00a0?<\/h2><p>En notre qualit\u00e9 de responsable de traitement, nous mettons en \u0153uvre des mesures techniques et organisationnelles appropri\u00e9es, conform\u00e9ment aux obligations l\u00e9gales en vigueur, pour prot\u00e9ger vos donn\u00e9es personnelles contre l\u2019alt\u00e9ration, la perte accidentelle ou illicite, l\u2019utilisation, la divulgation ou l\u2019acc\u00e8s non autoris\u00e9, notamment par notre politique g\u00e9n\u00e9rale de s\u00e9curit\u00e9 informatique, la sensibilisation aux exigences de confidentialit\u00e9 de nos collaborateurs, la s\u00e9curisation de nos locaux et outils informatiques, le choix de nos partenaires et de nos sous-traitants.<\/p><p><!-- \/wp:paragraph --><!-- wp:heading --><!-- \/wp:paragraph --><!-- wp:paragraph --><!-- \/wp:paragraph --><!-- wp:heading --><!-- \/wp:paragraph --><!-- wp:heading --><\/p><h2>Cookies<\/h2><p>Nos cookies am\u00e9liorent l\u2019acc\u00e8s \u00e0 notre site et identifient les visiteurs r\u00e9guliers. En outre, nos cookies am\u00e9liorent l\u2019exp\u00e9rience d\u2019utilisateur gr\u00e2ce au suivi et au ciblage de ses int\u00e9r\u00eats. Cependant, cette utilisation des cookies n\u2019est en aucune fa\u00e7on li\u00e9e \u00e0 des informations personnelles identifiables sur notre site.<\/p><h2>Consentement<\/h2><p>En utilisant notre site et\/ou ses formulaires, vous consentez \u00e0 notre politique de confidentialit\u00e9.<\/p>\t\t\t\t\t\t<\/div>\n\t\t\t\t<\/div>\n\t\t\t\t\t<\/div>\n\t\t\t\t<\/div>\n\t\t<div class=\"elementor-element elementor-element-cf259ea e-flex e-con-boxed e-con e-parent\" data-id=\"cf259ea\" data-element_type=\"container\" data-settings=\"{&quot;background_background&quot;:&quot;classic&quot;}\">\n\t\t\t\t\t<div class=\"e-con-inner\">\n\t\t\t\t<div class=\"elementor-element elementor-element-74121a4 elementor-widget-divider--view-line elementor-widget elementor-widget-divider\" data-id=\"74121a4\" data-element_type=\"widget\" data-widget_type=\"divider.default\">\n\t\t\t\t<div class=\"elementor-widget-container\">\n\t\t\t\t\t<div class=\"elementor-divider\">\n\t\t\t<span class=\"elementor-divider-separator\">\n\t\t\t\t\t\t<\/span>\n\t\t<\/div>\n\t\t\t\t<\/div>\n\t\t\t\t<\/div>\n\t\t\t\t\t<\/div>\n\t\t\t\t<\/div>\n\t\t\t\t<\/div>\n\t\t","protected":false},"excerpt":{"rendered":"<p>Politique de confidentialit\u00e9 La pr\u00e9sente politique de confidentialit\u00e9 est fond\u00e9e sur le R\u00e8glement UE 2016\/679 relatif \u00e0 la protection des donn\u00e9es (RGPD) ainsi que sur votre consentement \u00e9clair\u00e9. Elle a pour objectif de vous informer sur le traitement de vos donn\u00e9es \u00e0 caract\u00e8re personnel. Cette politique de confidentialit\u00e9 ne s\u2019applique qu\u2019aux renseignements recueillis par le [&hellip;]<\/p>\n","protected":false},"author":1,"featured_media":0,"parent":0,"menu_order":0,"comment_status":"closed","ping_status":"closed","template":"","meta":{"ocean_post_layout":"","ocean_both_sidebars_style":"","ocean_both_sidebars_content_width":0,"ocean_both_sidebars_sidebars_width":0,"ocean_sidebar":"","ocean_second_sidebar":"","ocean_disable_margins":"enable","ocean_add_body_class":"","ocean_shortcode_before_top_bar":"","ocean_shortcode_after_top_bar":"","ocean_shortcode_before_header":"","ocean_shortcode_after_header":"","ocean_has_shortcode":"","ocean_shortcode_after_title":"","ocean_shortcode_before_footer_widgets":"","ocean_shortcode_after_footer_widgets":"","ocean_shortcode_before_footer_bottom":"","ocean_shortcode_after_footer_bottom":"","ocean_display_top_bar":"default","ocean_display_header":"default","ocean_header_style":"","ocean_center_header_left_menu":"","ocean_custom_header_template":"","ocean_custom_logo":0,"ocean_custom_retina_logo":0,"ocean_custom_logo_max_width":0,"ocean_custom_logo_tablet_max_width":0,"ocean_custom_logo_mobile_max_width":0,"ocean_custom_logo_max_height":0,"ocean_custom_logo_tablet_max_height":0,"ocean_custom_logo_mobile_max_height":0,"ocean_header_custom_menu":"","ocean_menu_typo_font_family":"","ocean_menu_typo_font_subset":"","ocean_menu_typo_font_size":0,"ocean_menu_typo_font_size_tablet":0,"ocean_menu_typo_font_size_mobile":0,"ocean_menu_typo_font_size_unit":"px","ocean_menu_typo_font_weight":"","ocean_menu_typo_font_weight_tablet":"","ocean_menu_typo_font_weight_mobile":"","ocean_menu_typo_transform":"","ocean_menu_typo_transform_tablet":"","ocean_menu_typo_transform_mobile":"","ocean_menu_typo_line_height":0,"ocean_menu_typo_line_height_tablet":0,"ocean_menu_typo_line_height_mobile":0,"ocean_menu_typo_line_height_unit":"","ocean_menu_typo_spacing":0,"ocean_menu_typo_spacing_tablet":0,"ocean_menu_typo_spacing_mobile":0,"ocean_menu_typo_spacing_unit":"","ocean_menu_link_color":"","ocean_menu_link_color_hover":"","ocean_menu_link_color_active":"","ocean_menu_link_background":"","ocean_menu_link_hover_background":"","ocean_menu_link_active_background":"","ocean_menu_social_links_bg":"","ocean_menu_social_hover_links_bg":"","ocean_menu_social_links_color":"","ocean_menu_social_hover_links_color":"","ocean_disable_title":"default","ocean_disable_heading":"default","ocean_post_title":"","ocean_post_subheading":"","ocean_post_title_style":"","ocean_post_title_background_color":"","ocean_post_title_background":0,"ocean_post_title_bg_image_position":"","ocean_post_title_bg_image_attachment":"","ocean_post_title_bg_image_repeat":"","ocean_post_title_bg_image_size":"","ocean_post_title_height":0,"ocean_post_title_bg_overlay":0.5,"ocean_post_title_bg_overlay_color":"","ocean_disable_breadcrumbs":"default","ocean_breadcrumbs_color":"","ocean_breadcrumbs_separator_color":"","ocean_breadcrumbs_links_color":"","ocean_breadcrumbs_links_hover_color":"","ocean_display_footer_widgets":"default","ocean_display_footer_bottom":"default","ocean_custom_footer_template":"","footnotes":""},"class_list":["post-1034","page","type-page","status-publish","hentry","entry"],"yoast_head":"<!-- This site is optimized with the Yoast SEO plugin v22.9 - https:\/\/yoast.com\/wordpress\/plugins\/seo\/ -->\n<title>Politique de Confidentialit\u00e9 - abpropre72<\/title>\n<meta name=\"description\" content=\"AB Propre 72 a une politique de confidentialit\u00e9. AB Propre 72 nettoyage de v\u00e9hicule int\u00e9rieur et ext\u00e9rieur \u00e0 domicile\" \/>\n<meta name=\"robots\" content=\"index, follow, max-snippet:-1, max-image-preview:large, max-video-preview:-1\" \/>\n<link rel=\"canonical\" href=\"https:\/\/abpropre72.com\/index.php\/politique-de-confidentialite\/\" \/>\n<meta property=\"og:locale\" content=\"fr_FR\" \/>\n<meta property=\"og:type\" content=\"article\" \/>\n<meta property=\"og:title\" content=\"Politique de Confidentialit\u00e9 - abpropre72\" \/>\n<meta property=\"og:description\" content=\"AB Propre 72 a une politique de confidentialit\u00e9. AB Propre 72 nettoyage de v\u00e9hicule int\u00e9rieur et ext\u00e9rieur \u00e0 domicile\" \/>\n<meta property=\"og:url\" content=\"https:\/\/abpropre72.com\/index.php\/politique-de-confidentialite\/\" \/>\n<meta property=\"og:site_name\" content=\"abpropre72\" \/>\n<meta property=\"article:modified_time\" content=\"2024-08-04T17:34:51+00:00\" \/>\n<meta name=\"twitter:card\" content=\"summary_large_image\" \/>\n<meta name=\"twitter:label1\" content=\"Dur\u00e9e de lecture estim\u00e9e\" \/>\n\t<meta name=\"twitter:data1\" content=\"4 minutes\" \/>\n<script type=\"application\/ld+json\" class=\"yoast-schema-graph\">{\"@context\":\"https:\/\/schema.org\",\"@graph\":[{\"@type\":\"WebPage\",\"@id\":\"https:\/\/abpropre72.com\/index.php\/politique-de-confidentialite\/\",\"url\":\"https:\/\/abpropre72.com\/index.php\/politique-de-confidentialite\/\",\"name\":\"Politique de Confidentialit\u00e9 - abpropre72\",\"isPartOf\":{\"@id\":\"https:\/\/abpropre72.com\/#website\"},\"datePublished\":\"2024-08-04T17:27:34+00:00\",\"dateModified\":\"2024-08-04T17:34:51+00:00\",\"description\":\"AB Propre 72 a une politique de confidentialit\u00e9. AB Propre 72 nettoyage de v\u00e9hicule int\u00e9rieur et ext\u00e9rieur \u00e0 domicile\",\"breadcrumb\":{\"@id\":\"https:\/\/abpropre72.com\/index.php\/politique-de-confidentialite\/#breadcrumb\"},\"inLanguage\":\"fr-FR\",\"potentialAction\":[{\"@type\":\"ReadAction\",\"target\":[\"https:\/\/abpropre72.com\/index.php\/politique-de-confidentialite\/\"]}]},{\"@type\":\"BreadcrumbList\",\"@id\":\"https:\/\/abpropre72.com\/index.php\/politique-de-confidentialite\/#breadcrumb\",\"itemListElement\":[{\"@type\":\"ListItem\",\"position\":1,\"name\":\"Accueil\",\"item\":\"https:\/\/abpropre72.com\/\"},{\"@type\":\"ListItem\",\"position\":2,\"name\":\"Politique de Confidentialit\u00e9\"}]},{\"@type\":\"WebSite\",\"@id\":\"https:\/\/abpropre72.com\/#website\",\"url\":\"https:\/\/abpropre72.com\/\",\"name\":\"abpropre72\",\"description\":\"Le raffinement au service de votre voiture\",\"publisher\":{\"@id\":\"https:\/\/abpropre72.com\/#organization\"},\"potentialAction\":[{\"@type\":\"SearchAction\",\"target\":{\"@type\":\"EntryPoint\",\"urlTemplate\":\"https:\/\/abpropre72.com\/?s={search_term_string}\"},\"query-input\":\"required name=search_term_string\"}],\"inLanguage\":\"fr-FR\"},{\"@type\":\"Organization\",\"@id\":\"https:\/\/abpropre72.com\/#organization\",\"name\":\"abpropre72\",\"url\":\"https:\/\/abpropre72.com\/\",\"logo\":{\"@type\":\"ImageObject\",\"inLanguage\":\"fr-FR\",\"@id\":\"https:\/\/abpropre72.com\/#\/schema\/logo\/image\/\",\"url\":\"https:\/\/abpropre72.com\/wp-content\/uploads\/2024\/07\/cropped-blanc-jauna-sans-fond1080.png\",\"contentUrl\":\"https:\/\/abpropre72.com\/wp-content\/uploads\/2024\/07\/cropped-blanc-jauna-sans-fond1080.png\",\"width\":1081,\"height\":334,\"caption\":\"abpropre72\"},\"image\":{\"@id\":\"https:\/\/abpropre72.com\/#\/schema\/logo\/image\/\"}}]}<\/script>\n<!-- \/ Yoast SEO plugin. -->","yoast_head_json":{"title":"Politique de Confidentialit\u00e9 - abpropre72","description":"AB Propre 72 a une politique de confidentialit\u00e9. AB Propre 72 nettoyage de v\u00e9hicule int\u00e9rieur et ext\u00e9rieur \u00e0 domicile","robots":{"index":"index","follow":"follow","max-snippet":"max-snippet:-1","max-image-preview":"max-image-preview:large","max-video-preview":"max-video-preview:-1"},"canonical":"https:\/\/abpropre72.com\/index.php\/politique-de-confidentialite\/","og_locale":"fr_FR","og_type":"article","og_title":"Politique de Confidentialit\u00e9 - abpropre72","og_description":"AB Propre 72 a une politique de confidentialit\u00e9. AB Propre 72 nettoyage de v\u00e9hicule int\u00e9rieur et ext\u00e9rieur \u00e0 domicile","og_url":"https:\/\/abpropre72.com\/index.php\/politique-de-confidentialite\/","og_site_name":"abpropre72","article_modified_time":"2024-08-04T17:34:51+00:00","twitter_card":"summary_large_image","twitter_misc":{"Dur\u00e9e de lecture estim\u00e9e":"4 minutes"},"schema":{"@context":"https:\/\/schema.org","@graph":[{"@type":"WebPage","@id":"https:\/\/abpropre72.com\/index.php\/politique-de-confidentialite\/","url":"https:\/\/abpropre72.com\/index.php\/politique-de-confidentialite\/","name":"Politique de Confidentialit\u00e9 - abpropre72","isPartOf":{"@id":"https:\/\/abpropre72.com\/#website"},"datePublished":"2024-08-04T17:27:34+00:00","dateModified":"2024-08-04T17:34:51+00:00","description":"AB Propre 72 a une politique de confidentialit\u00e9. AB Propre 72 nettoyage de v\u00e9hicule int\u00e9rieur et ext\u00e9rieur \u00e0 domicile","breadcrumb":{"@id":"https:\/\/abpropre72.com\/index.php\/politique-de-confidentialite\/#breadcrumb"},"inLanguage":"fr-FR","potentialAction":[{"@type":"ReadAction","target":["https:\/\/abpropre72.com\/index.php\/politique-de-confidentialite\/"]}]},{"@type":"BreadcrumbList","@id":"https:\/\/abpropre72.com\/index.php\/politique-de-confidentialite\/#breadcrumb","itemListElement":[{"@type":"ListItem","position":1,"name":"Accueil","item":"https:\/\/abpropre72.com\/"},{"@type":"ListItem","position":2,"name":"Politique de Confidentialit\u00e9"}]},{"@type":"WebSite","@id":"https:\/\/abpropre72.com\/#website","url":"https:\/\/abpropre72.com\/","name":"abpropre72","description":"Le raffinement au service de votre voiture","publisher":{"@id":"https:\/\/abpropre72.com\/#organization"},"potentialAction":[{"@type":"SearchAction","target":{"@type":"EntryPoint","urlTemplate":"https:\/\/abpropre72.com\/?s={search_term_string}"},"query-input":"required name=search_term_string"}],"inLanguage":"fr-FR"},{"@type":"Organization","@id":"https:\/\/abpropre72.com\/#organization","name":"abpropre72","url":"https:\/\/abpropre72.com\/","logo":{"@type":"ImageObject","inLanguage":"fr-FR","@id":"https:\/\/abpropre72.com\/#\/schema\/logo\/image\/","url":"https:\/\/abpropre72.com\/wp-content\/uploads\/2024\/07\/cropped-blanc-jauna-sans-fond1080.png","contentUrl":"https:\/\/abpropre72.com\/wp-content\/uploads\/2024\/07\/cropped-blanc-jauna-sans-fond1080.png","width":1081,"height":334,"caption":"abpropre72"},"image":{"@id":"https:\/\/abpropre72.com\/#\/schema\/logo\/image\/"}}]}},"_links":{"self":[{"href":"https:\/\/abpropre72.com\/index.php\/wp-json\/wp\/v2\/pages\/1034","targetHints":{"allow":["GET"]}}],"collection":[{"href":"https:\/\/abpropre72.com\/index.php\/wp-json\/wp\/v2\/pages"}],"about":[{"href":"https:\/\/abpropre72.com\/index.php\/wp-json\/wp\/v2\/types\/page"}],"author":[{"embeddable":true,"href":"https:\/\/abpropre72.com\/index.php\/wp-json\/wp\/v2\/users\/1"}],"replies":[{"embeddable":true,"href":"https:\/\/abpropre72.com\/index.php\/wp-json\/wp\/v2\/comments?post=1034"}],"version-history":[{"count":9,"href":"https:\/\/abpropre72.com\/index.php\/wp-json\/wp\/v2\/pages\/1034\/revisions"}],"predecessor-version":[{"id":1044,"href":"https:\/\/abpropre72.com\/index.php\/wp-json\/wp\/v2\/pages\/1034\/revisions\/1044"}],"wp:attachment":[{"href":"https:\/\/abpropre72.com\/index.php\/wp-json\/wp\/v2\/media?parent=1034"}],"curies":[{"name":"wp","href":"https:\/\/api.w.org\/{rel}","templated":true}]}}